{"id":1290,"date":"2023-01-03T12:16:28","date_gmt":"2023-01-03T11:16:28","guid":{"rendered":"https:\/\/neuburger-tennisclub.de\/wp\/?page_id=1290"},"modified":"2023-01-23T23:36:18","modified_gmt":"2023-01-23T22:36:18","slug":"aktuelles-archiv-2022","status":"publish","type":"page","link":"https:\/\/neuburger-tennisclub.de\/wp\/aktuelles-archiv-2022\/","title":{"rendered":"Aktuelles &#8211; Archiv 2022"},"content":{"rendered":"\n<p><\/p>\n\n\n\n<figure class=\"wp-block-table is-style-stripes\"><table><tbody><tr><td><strong>5. LK-Turnier by GR\u00c4BNER Security erfolgreich abgeschlossen&#8230;.<\/strong><\/td><\/tr><\/tbody><\/table><\/figure>\n\n\n\n<figure class=\"wp-container-2 wp-block-gallery-1 wp-block-gallery has-nested-images columns-default is-cropped\">\n<figure class=\"wp-block-image size-large\"><a href=\"https:\/\/neuburger-tennisclub.de\/wp\/wp-content\/uploads\/2022\/09\/WhatsApp-Image-2022-09-28-at-07.12.47-3.jpeg\"><img loading=\"lazy\" width=\"1024\" height=\"768\" data-id=\"1235\"  src=\"https:\/\/neuburger-tennisclub.de\/wp\/wp-content\/uploads\/2022\/09\/WhatsApp-Image-2022-09-28-at-07.12.47-3-1024x768.jpeg\" alt=\"\" class=\"wp-image-1235\" srcset=\"https:\/\/neuburger-tennisclub.de\/wp\/wp-content\/uploads\/2022\/09\/WhatsApp-Image-2022-09-28-at-07.12.47-3-1024x768.jpeg 1024w, https:\/\/neuburger-tennisclub.de\/wp\/wp-content\/uploads\/2022\/09\/WhatsApp-Image-2022-09-28-at-07.12.47-3-300x225.jpeg 300w, https:\/\/neuburger-tennisclub.de\/wp\/wp-content\/uploads\/2022\/09\/WhatsApp-Image-2022-09-28-at-07.12.47-3-768x576.jpeg 768w, https:\/\/neuburger-tennisclub.de\/wp\/wp-content\/uploads\/2022\/09\/WhatsApp-Image-2022-09-28-at-07.12.47-3-1536x1152.jpeg 1536w, https:\/\/neuburger-tennisclub.de\/wp\/wp-content\/uploads\/2022\/09\/WhatsApp-Image-2022-09-28-at-07.12.47-3.jpeg 2048w\" sizes=\"(max-width: 1024px) 100vw, 1024px\" \/><\/a><\/figure>\n\n\n\n<figure class=\"wp-block-image size-large\"><a href=\"https:\/\/neuburger-tennisclub.de\/wp\/wp-content\/uploads\/2022\/09\/WhatsApp-Image-2022-09-28-at-07.12.47-2.jpeg\"><img loading=\"lazy\" width=\"1024\" height=\"768\" data-id=\"1234\"  src=\"https:\/\/neuburger-tennisclub.de\/wp\/wp-content\/uploads\/2022\/09\/WhatsApp-Image-2022-09-28-at-07.12.47-2-1024x768.jpeg\" alt=\"\" class=\"wp-image-1234\" srcset=\"https:\/\/neuburger-tennisclub.de\/wp\/wp-content\/uploads\/2022\/09\/WhatsApp-Image-2022-09-28-at-07.12.47-2-1024x768.jpeg 1024w, https:\/\/neuburger-tennisclub.de\/wp\/wp-content\/uploads\/2022\/09\/WhatsApp-Image-2022-09-28-at-07.12.47-2-300x225.jpeg 300w, https:\/\/neuburger-tennisclub.de\/wp\/wp-content\/uploads\/2022\/09\/WhatsApp-Image-2022-09-28-at-07.12.47-2-768x576.jpeg 768w, https:\/\/neuburger-tennisclub.de\/wp\/wp-content\/uploads\/2022\/09\/WhatsApp-Image-2022-09-28-at-07.12.47-2-1536x1152.jpeg 1536w, https:\/\/neuburger-tennisclub.de\/wp\/wp-content\/uploads\/2022\/09\/WhatsApp-Image-2022-09-28-at-07.12.47-2.jpeg 2048w\" sizes=\"(max-width: 1024px) 100vw, 1024px\" \/><\/a><\/figure>\n<\/figure>\n\n\n\n<p><\/p>\n\n\n\n<p>Insgesamt 18 Spielerinnen und Spieler traten im Herren Doppel und im Damen Einzel an. Dank viel Gl\u00fcck mit dem Wetter konnte das Turnier erfolgreich abgeschlossen werden.<\/p>\n\n\n\n<hr class=\"wp-block-separator has-alpha-channel-opacity\"\/>\n\n\n\n<figure class=\"wp-block-table is-style-stripes\"><table><tbody><tr><td><strong>Begeisterter Nachwuchs beim Tenniscamp &#8230;&#8230;&#8230;&#8230;&#8230;<\/strong><\/td><\/tr><\/tbody><\/table><\/figure>\n\n\n\n<figure class=\"wp-block-image size-full\"><a href=\"https:\/\/neuburger-tennisclub.de\/wp\/wp-content\/uploads\/2022\/09\/2022-09-05_Tenniscamp-1.jpeg\"><img loading=\"lazy\" width=\"961\" height=\"438\" src=\"https:\/\/neuburger-tennisclub.de\/wp\/wp-content\/uploads\/2022\/09\/2022-09-05_Tenniscamp-1.jpeg\" alt=\"\" class=\"wp-image-1175\" srcset=\"https:\/\/neuburger-tennisclub.de\/wp\/wp-content\/uploads\/2022\/09\/2022-09-05_Tenniscamp-1.jpeg 961w, https:\/\/neuburger-tennisclub.de\/wp\/wp-content\/uploads\/2022\/09\/2022-09-05_Tenniscamp-1-300x137.jpeg 300w, https:\/\/neuburger-tennisclub.de\/wp\/wp-content\/uploads\/2022\/09\/2022-09-05_Tenniscamp-1-768x350.jpeg 768w\" sizes=\"(max-width: 961px) 100vw, 961px\" \/><\/a><\/figure>\n\n\n\n<p>34 Kinder hatten in der letzten Ferienwoche viel Spa\u00df bei unserem Tenniscamp. Impressionen gibt&#8217;s in unserer <a rel=\"noreferrer noopener\" href=\"https:\/\/neuburger-tennisclub.de\/wp\/impressionen-vom-tenniscamp-2022\/\" target=\"_blank\">Galerie<\/a> und ein Pressebericht ist <a rel=\"noreferrer noopener\" href=\"https:\/\/neuburger-tennisclub.de\/wp\/wp-content\/uploads\/2022\/09\/2022-09-27_Tenniscamp-NR.pdf\" target=\"_blank\">hier<\/a> zu finden.<\/p>\n\n\n\n<hr class=\"wp-block-separator has-alpha-channel-opacity\"\/>\n\n\n\n<figure class=\"wp-block-table is-style-stripes\"><table><tbody><tr><td><strong>Erfolgreiche Herren bei den Neuburger Stadtmeisterschaften&#8230;.<\/strong><\/td><\/tr><\/tbody><\/table><\/figure>\n\n\n\n<p>Im wahrsten Sinne abger\u00e4umt haben unsere Herren bei den Neuburger Stadtmeisterschaften. Sowohl bei den Herren als auch den Herren 40 gingen die Meister- als auch die Vizemeistertitel an Spieler des Neuburger Tennisclubs &#8230;.<a rel=\"noreferrer noopener\" href=\"https:\/\/neuburger-tennisclub.de\/wp\/wp-content\/uploads\/2022\/08\/2022-08-09_Stadtmeisterschaften-NR.pdf\" target=\"_blank\">weiterlesen<\/a>&#8230;.<\/p>\n\n\n\n<hr class=\"wp-block-separator has-alpha-channel-opacity\"\/>\n\n\n\n<figure class=\"wp-block-table is-style-stripes\"><table><tbody><tr><td><strong>Endlich mal wieder eine richtige Party!<\/strong><\/td><\/tr><\/tbody><\/table><\/figure>\n\n\n\n<figure class=\"wp-container-4 wp-block-gallery-3 wp-block-gallery has-nested-images columns-default is-cropped\">\n<figure class=\"wp-block-image size-large\"><a href=\"https:\/\/neuburger-tennisclub.de\/wp\/wp-content\/uploads\/2022\/08\/2022-07-30_Ehrung-Hanni-Mueller.jpg\"><img loading=\"lazy\" width=\"1920\" height=\"1356\" data-id=\"1148\"  src=\"https:\/\/neuburger-tennisclub.de\/wp\/wp-content\/uploads\/2022\/08\/2022-07-30_Ehrung-Hanni-Mueller.jpg\" alt=\"\" class=\"wp-image-1148\" srcset=\"https:\/\/neuburger-tennisclub.de\/wp\/wp-content\/uploads\/2022\/08\/2022-07-30_Ehrung-Hanni-Mueller.jpg 1920w, https:\/\/neuburger-tennisclub.de\/wp\/wp-content\/uploads\/2022\/08\/2022-07-30_Ehrung-Hanni-Mueller-300x212.jpg 300w, https:\/\/neuburger-tennisclub.de\/wp\/wp-content\/uploads\/2022\/08\/2022-07-30_Ehrung-Hanni-Mueller-1024x723.jpg 1024w, https:\/\/neuburger-tennisclub.de\/wp\/wp-content\/uploads\/2022\/08\/2022-07-30_Ehrung-Hanni-Mueller-768x542.jpg 768w, https:\/\/neuburger-tennisclub.de\/wp\/wp-content\/uploads\/2022\/08\/2022-07-30_Ehrung-Hanni-Mueller-1536x1085.jpg 1536w\" sizes=\"(max-width: 1920px) 100vw, 1920px\" \/><\/a><\/figure>\n\n\n\n<figure class=\"wp-block-image size-large\"><a href=\"https:\/\/neuburger-tennisclub.de\/wp\/wp-content\/uploads\/2022\/08\/2022-07-30_Midlife-Energy-NTC-Sommerfest-2.jpg\"><img loading=\"lazy\" width=\"1697\" height=\"1074\" data-id=\"1149\"  src=\"https:\/\/neuburger-tennisclub.de\/wp\/wp-content\/uploads\/2022\/08\/2022-07-30_Midlife-Energy-NTC-Sommerfest-2.jpg\" alt=\"\" class=\"wp-image-1149\" srcset=\"https:\/\/neuburger-tennisclub.de\/wp\/wp-content\/uploads\/2022\/08\/2022-07-30_Midlife-Energy-NTC-Sommerfest-2.jpg 1697w, https:\/\/neuburger-tennisclub.de\/wp\/wp-content\/uploads\/2022\/08\/2022-07-30_Midlife-Energy-NTC-Sommerfest-2-300x190.jpg 300w, https:\/\/neuburger-tennisclub.de\/wp\/wp-content\/uploads\/2022\/08\/2022-07-30_Midlife-Energy-NTC-Sommerfest-2-1024x648.jpg 1024w, https:\/\/neuburger-tennisclub.de\/wp\/wp-content\/uploads\/2022\/08\/2022-07-30_Midlife-Energy-NTC-Sommerfest-2-768x486.jpg 768w, https:\/\/neuburger-tennisclub.de\/wp\/wp-content\/uploads\/2022\/08\/2022-07-30_Midlife-Energy-NTC-Sommerfest-2-1536x972.jpg 1536w\" sizes=\"(max-width: 1697px) 100vw, 1697px\" \/><\/a><\/figure>\n<\/figure>\n\n\n\n<p><\/p>\n\n\n\n<p>F\u00fcr viele, viele Jahre Vorstandsarbeit wurde beim diesj\u00e4hrigen Sommernachtsfest unsere langj\u00e4hrige Kassiererin Hanni M\u00fcller geehrt. Den Blumenstrauss \u00fcbergaben Vorstandsmitglied Dr. Rainer Lange und das NTC-&#8222;Urgestein&#8220; Christian Kinskofer.<\/p>\n\n\n\n<p>Anschlie\u00dfend sorgte unsere &#8222;Hausband&#8220; <a href=\"https:\/\/midlife-energy.de\/\" target=\"_blank\" rel=\"noreferrer noopener\">Midlife Energy<\/a> f\u00fcr kernige Stimmung.<\/p>\n\n\n\n<hr class=\"wp-block-separator has-alpha-channel-opacity\"\/>\n\n\n\n<figure class=\"wp-block-table is-style-stripes\"><table><tbody><tr><td><strong>Die Sommerunde 2022 f\u00fcr die TeG-Mannschaften ist beendet &#8230;&#8230;&#8230;&#8230;&#8230;<\/strong><\/td><\/tr><\/tbody><\/table><\/figure>\n\n\n\n<p>Die aktuellen Tabellenpl\u00e4tze und Spielergebnisse sind in der <a rel=\"noreferrer noopener\" href=\"https:\/\/btv.liga.nu\/cgi-bin\/WebObjects\/nuLigaDokumentTENDE.woa\/wa\/nuDokument?dokument=ResultReportFOP&amp;type=group&amp;club=46453&amp;season=11223&amp;etag=4d044fac-f9b4-439b-86a8-9c03c75d6f83\" target=\"_blank\">Gruppeneinteilung<\/a> und im <a rel=\"noreferrer noopener\" href=\"https:\/\/btv.liga.nu\/cgi-bin\/WebObjects\/nuLigaDokumentTENDE.woa\/wa\/nuDokument?dokument=ScheduleReportFOP&amp;club=46453&amp;season=11223&amp;etag=312bd573-fd1b-4628-b3fd-31b9c1d1aab4\" target=\"_blank\">Spielplan<\/a> zu finden. Spielberichte gibt&#8217;s im Bereich PRESSE.<\/p>\n\n\n\n<hr class=\"wp-block-separator has-alpha-channel-opacity\"\/>\n\n\n\n<figure class=\"wp-block-table is-style-stripes\"><table><tbody><tr><td><strong>Meisterliche Juniorinnen 18 &#8230;&#8230;&#8230;&#8230;&#8230;<\/strong><\/td><\/tr><\/tbody><\/table><\/figure>\n\n\n\n<figure class=\"wp-block-image size-large\"><a href=\"https:\/\/neuburger-tennisclub.de\/wp\/wp-content\/uploads\/2022\/07\/Juniorinnen18_3-scaled.jpeg\"><img loading=\"lazy\" width=\"1024\" height=\"725\" src=\"https:\/\/neuburger-tennisclub.de\/wp\/wp-content\/uploads\/2022\/07\/Juniorinnen18_3-1024x725.jpeg\" alt=\"\" class=\"wp-image-1135\" srcset=\"https:\/\/neuburger-tennisclub.de\/wp\/wp-content\/uploads\/2022\/07\/Juniorinnen18_3-1024x725.jpeg 1024w, https:\/\/neuburger-tennisclub.de\/wp\/wp-content\/uploads\/2022\/07\/Juniorinnen18_3-300x212.jpeg 300w, https:\/\/neuburger-tennisclub.de\/wp\/wp-content\/uploads\/2022\/07\/Juniorinnen18_3-768x543.jpeg 768w, https:\/\/neuburger-tennisclub.de\/wp\/wp-content\/uploads\/2022\/07\/Juniorinnen18_3-1536x1087.jpeg 1536w, https:\/\/neuburger-tennisclub.de\/wp\/wp-content\/uploads\/2022\/07\/Juniorinnen18_3-2048x1449.jpeg 2048w\" sizes=\"(max-width: 1024px) 100vw, 1024px\" \/><\/a><figcaption><sub>Von links: Antonia Ro\u00dfkopf, Laura Haidl, Sarah Balzer und Dilyana Vicheva. Es fehlt Jessica Eckart.<\/sub><\/figcaption><\/figure>\n\n\n\n<p>Einen sensationellen Saisonabschluss lieferten die Juniorinnen 18. Ungeschlagen sicherten sie sich die Meisterschaft in der S\u00fcdliga 3!<\/p>\n\n\n\n<p><strong>Wir gratulieren!<\/strong><\/p>\n\n\n\n<hr class=\"wp-block-separator has-alpha-channel-opacity\"\/>\n\n\n\n<figure class=\"wp-block-table is-style-stripes\"><table><tbody><tr><td><strong>Die neue Vorstandschaft beim Neuburger Tennisclub &#8230;&#8230;&#8230;&#8230;&#8230;<\/strong><\/td><\/tr><\/tbody><\/table><\/figure>\n\n\n\n<figure class=\"wp-block-image size-large\"><a href=\"https:\/\/neuburger-tennisclub.de\/wp\/wp-content\/uploads\/2022\/07\/2022-07-04-Vorstand-NTC.jpg\"><img loading=\"lazy\" width=\"1024\" height=\"724\" src=\"https:\/\/neuburger-tennisclub.de\/wp\/wp-content\/uploads\/2022\/07\/2022-07-04-Vorstand-NTC-1024x724.jpg\" alt=\"\" class=\"wp-image-1098\" srcset=\"https:\/\/neuburger-tennisclub.de\/wp\/wp-content\/uploads\/2022\/07\/2022-07-04-Vorstand-NTC-1024x724.jpg 1024w, https:\/\/neuburger-tennisclub.de\/wp\/wp-content\/uploads\/2022\/07\/2022-07-04-Vorstand-NTC-300x212.jpg 300w, https:\/\/neuburger-tennisclub.de\/wp\/wp-content\/uploads\/2022\/07\/2022-07-04-Vorstand-NTC-768x543.jpg 768w, https:\/\/neuburger-tennisclub.de\/wp\/wp-content\/uploads\/2022\/07\/2022-07-04-Vorstand-NTC-1536x1087.jpg 1536w, https:\/\/neuburger-tennisclub.de\/wp\/wp-content\/uploads\/2022\/07\/2022-07-04-Vorstand-NTC-2048x1449.jpg 2048w\" sizes=\"(max-width: 1024px) 100vw, 1024px\" \/><\/a><figcaption><sub><sup>Die neue Vorstandschaft des Neuburger Tennisclubs (von links): Dr. Rainer Lange (\u00d6ffentlichkeitsarbeit), Michael Blankenhorn (Finanzen), Johannes Kutschera (Sport), Alexander Meierl (1. Vorsitzender) und Andreas Wicher (2. Vorsitzender). <em>Foto: Fiona Meierl<\/em><\/sup><\/sub><\/figcaption><\/figure>\n\n\n\n<p>Nach l\u00e4ngerer Pause konnten sich die Mitglieder des Neuburger Tennisclubs wieder zu einer Jahreshauptversammlung treffen &#8230;&#8230;.. <a rel=\"noreferrer noopener\" href=\"https:\/\/neuburger-tennisclub.de\/wp\/wp-content\/uploads\/2022\/07\/2022-07-09_Mitgliederversammlung-NR.pdf\" target=\"_blank\">weiterlesen<\/a>&#8230;&#8230;..<\/p>\n\n\n\n<hr class=\"wp-block-separator has-alpha-channel-opacity\"\/>\n\n\n\n<figure class=\"wp-block-table is-style-stripes\"><table><tbody><tr><td><strong>Das 1. LK-Turnier in der Saison 2022 &#8230;&#8230;&#8230;&#8230;&#8230;<\/strong><\/td><\/tr><\/tbody><\/table><\/figure>\n\n\n\n<p>&#8230;&#8230;..ist erfolgreich abgeschlossen, die Ergebnisse sind <a rel=\"noreferrer noopener\" href=\"https:\/\/neuburger-tennisclub.de\/wp\/wp-content\/uploads\/2022\/05\/2022-NTC-LK-Doppel-Ergebnisse.pdf\" target=\"_blank\">hier<\/a> zu finden.<\/p>\n\n\n\n<p>Impressionen gibt&#8217;s in unserer <a href=\"https:\/\/neuburger-tennisclub.de\/wp\/impressionen-vom-1-lk-turnier-am-1-mai-2022\">Galerie<\/a>.<\/p>\n\n\n\n<hr class=\"wp-block-separator has-css-opacity\"\/>\n\n\n\n<figure class=\"wp-block-table is-style-stripes\"><table><tbody><tr><td><strong>Die Winterrunde 2021\/2022 f\u00fcr die TeG-Mannschaften ist beendet &#8230;&#8230;&#8230;&#8230;&#8230;<\/strong><\/td><\/tr><\/tbody><\/table><\/figure>\n\n\n\n<p>Die Ergebnisse der Winterrunde sind <a rel=\"noreferrer noopener\" href=\"https:\/\/btv.liga.nu\/cgi-bin\/WebObjects\/nuLigaDokumentTENDE.woa\/wa\/nuDokument?dokument=ScheduleReportFOP&amp;club=46453&amp;season=12083&amp;etag=5626f8bf-6de5-430f-a68c-52c454ea4cf6\" target=\"_blank\">hier<\/a> zu finden.<\/p>\n\n\n\n<hr class=\"wp-block-separator has-css-opacity\"\/>\n\n\n\n<figure class=\"wp-block-table is-style-stripes\"><table><tbody><tr><td><strong>Herzlich willkommen &#8230;&#8230;&#8230;&#8230;&#8230;<\/strong><\/td><\/tr><\/tbody><\/table><\/figure>\n\n\n\n<div class=\"wp-container-7 wp-block-columns\">\n<div class=\"wp-container-5 wp-block-column\" style=\"flex-basis:66.66%\">\n<figure class=\"wp-block-image size-full\"><a href=\"https:\/\/neuburger-tennisclub.de\/wp\/wp-content\/uploads\/2022\/03\/Torschild.jpeg\"><img loading=\"lazy\" width=\"970\" height=\"647\" src=\"https:\/\/neuburger-tennisclub.de\/wp\/wp-content\/uploads\/2022\/03\/Torschild.jpeg\" alt=\"\" class=\"wp-image-797\" srcset=\"https:\/\/neuburger-tennisclub.de\/wp\/wp-content\/uploads\/2022\/03\/Torschild.jpeg 970w, https:\/\/neuburger-tennisclub.de\/wp\/wp-content\/uploads\/2022\/03\/Torschild-300x200.jpeg 300w, https:\/\/neuburger-tennisclub.de\/wp\/wp-content\/uploads\/2022\/03\/Torschild-768x512.jpeg 768w\" sizes=\"(max-width: 970px) 100vw, 970px\" \/><\/a><figcaption><sup>Nach gelungener Montage: Hans Neumaier, Marco B\u00e4r und Uwe Lautner<\/sup><\/figcaption><\/figure>\n<\/div>\n\n\n\n<div class=\"wp-container-6 wp-block-column\" style=\"flex-basis:33.33%\">\n<p>Ein neues Schild begr\u00fc\u00dft nun die Besucher am Eingang zum Tennisgel\u00e4nde. Es ersetzt das in die Jahre gekommene alte und pr\u00e4sentiert sich in einem hellen freundlichen Design und einem grafisch \u00fcberarbeiteten Logo. <\/p>\n<\/div>\n<\/div>\n\n\n\n<hr class=\"wp-block-separator has-css-opacity\"\/>\n\n\n\n<figure class=\"wp-block-table is-style-stripes\"><table><tbody><tr><td><strong>In der deutschen Rangliste aufgeschlagen<\/strong> <strong>&#8230;&#8230;&#8230;&#8230;&#8230;<\/strong><\/td><\/tr><\/tbody><\/table><\/figure>\n\n\n\n<div class=\"wp-container-10 wp-block-columns\">\n<div class=\"wp-container-8 wp-block-column\" style=\"flex-basis:33.33%\">\n<figure class=\"wp-block-image size-large\"><a href=\"https:\/\/neuburger-tennisclub.de\/wp\/wp-content\/uploads\/2022\/02\/Berneisch.jpg\"><img loading=\"lazy\" width=\"911\" height=\"1024\" src=\"https:\/\/neuburger-tennisclub.de\/wp\/wp-content\/uploads\/2022\/02\/Berneisch-911x1024.jpg\" alt=\"\" class=\"wp-image-774\" srcset=\"https:\/\/neuburger-tennisclub.de\/wp\/wp-content\/uploads\/2022\/02\/Berneisch-911x1024.jpg 911w, https:\/\/neuburger-tennisclub.de\/wp\/wp-content\/uploads\/2022\/02\/Berneisch-267x300.jpg 267w, https:\/\/neuburger-tennisclub.de\/wp\/wp-content\/uploads\/2022\/02\/Berneisch-768x864.jpg 768w, https:\/\/neuburger-tennisclub.de\/wp\/wp-content\/uploads\/2022\/02\/Berneisch.jpg 1140w\" sizes=\"(max-width: 911px) 100vw, 911px\" \/><\/a><\/figure>\n<\/div>\n\n\n\n<div class=\"wp-container-9 wp-block-column\" style=\"flex-basis:66.66%\">\n<p>Unser Mitglied und Landesliga-Spieler der TeG-Neuburg, Thomas Berneisch wird nun in der offiziellen deutschen Rangliste der \u00fcber 40-J\u00e4hrigen gef\u00fchrt und z\u00e4hlt damit zu den 200 besten Spielern des Landes in dieser Klasse. <\/p>\n\n\n\n<p><strong>Wir gratulieren auf das Allerherzlichste!<\/strong><\/p>\n\n\n\n<p><\/p>\n\n\n\n<p><a href=\"https:\/\/neuburger-tennisclub.de\/wp\/wp-content\/uploads\/2022\/02\/2022-02-04_NR_Berneisch_Rangliste.pdf\" target=\"_blank\" rel=\"noreferrer noopener\">&#8230;. weiterlesen &#8230;<\/a><\/p>\n<\/div>\n<\/div>\n\n\n\n<hr class=\"wp-block-separator has-css-opacity\"\/>\n\n\n\n<p><\/p>\n","protected":false},"excerpt":{"rendered":"<p>5. LK-Turnier by GR\u00c4BNER Security erfolgreich abgeschlossen&#8230;. Insgesamt 18 Spielerinnen und Spieler traten im Herren Doppel und im Damen Einzel an. Dank viel Gl\u00fcck mit dem Wetter konnte das Turnier erfolgreich abgeschlossen werden. Begeisterter Nachwuchs beim Tenniscamp &#8230;&#8230;&#8230;&#8230;&#8230; 34 Kinder hatten in der letzten Ferienwoche viel Spa\u00df bei unserem Tenniscamp. Impressionen gibt&#8217;s in unserer Galerie <a class=\"more-link\" href=\"https:\/\/neuburger-tennisclub.de\/wp\/aktuelles-archiv-2022\/\">weiterlesen&#8230;<\/a><\/p>\n","protected":false},"author":1,"featured_media":0,"parent":0,"menu_order":0,"comment_status":"closed","ping_status":"closed","template":"","meta":[],"_links":{"self":[{"href":"https:\/\/neuburger-tennisclub.de\/wp\/wp-json\/wp\/v2\/pages\/1290"}],"collection":[{"href":"https:\/\/neuburger-tennisclub.de\/wp\/wp-json\/wp\/v2\/pages"}],"about":[{"href":"https:\/\/neuburger-tennisclub.de\/wp\/wp-json\/wp\/v2\/types\/page"}],"author":[{"embeddable":true,"href":"https:\/\/neuburger-tennisclub.de\/wp\/wp-json\/wp\/v2\/users\/1"}],"replies":[{"embeddable":true,"href":"https:\/\/neuburger-tennisclub.de\/wp\/wp-json\/wp\/v2\/comments?post=1290"}],"version-history":[{"count":4,"href":"https:\/\/neuburger-tennisclub.de\/wp\/wp-json\/wp\/v2\/pages\/1290\/revisions"}],"predecessor-version":[{"id":1322,"href":"https:\/\/neuburger-tennisclub.de\/wp\/wp-json\/wp\/v2\/pages\/1290\/revisions\/1322"}],"wp:attachment":[{"href":"https:\/\/neuburger-tennisclub.de\/wp\/wp-json\/wp\/v2\/media?parent=1290"}],"curies":[{"name":"wp","href":"https:\/\/api.w.org\/{rel}","templated":true}]}}