{"id":2145,"date":"2025-06-08T12:44:34","date_gmt":"2025-06-08T11:44:34","guid":{"rendered":"https:\/\/neuburger-tennisclub.de\/wp\/?page_id=2145"},"modified":"2025-06-08T12:46:50","modified_gmt":"2025-06-08T11:46:50","slug":"aktuelles-archiv-2024","status":"publish","type":"page","link":"https:\/\/neuburger-tennisclub.de\/wp\/aktuelles-archiv-2024\/","title":{"rendered":"Aktuelles &#8211; Archiv 2024"},"content":{"rendered":"\n<p><\/p>\n\n\n\n<figure class=\"wp-block-table is-style-stripes\"><table><tbody><tr><td><\/td><td><strong>NTC Jahresabschluss-LK-Turnier 2024<\/strong><\/td><\/tr><tr><td>29.12.2024<\/td><td>Auch dieses Jahr veranstalten wir wieder auf unseren &#8222;Allwetter-Pl\u00e4tzen&#8220; der NTC Anlage ein Jahresabschluss-LK-Turnier f\u00fcr Herren (LK 1-25). Meldeschluss ist der 26.12.2024. Wir freuen uns auf (hoffentlich) sch\u00f6nes Wetter und gute Stimmung zum Jahresausklang. Anmeldung unter: <a href=\"https:\/\/spieler.tennis.de\/web\/guest\/turniersuche?tournamentId=673799\">https:\/\/spieler.tennis.de\/<\/a> F\u00fcr Gl\u00fchwein ist nat\u00fcrlich gesorgt<br><br><strong>Nachtrag<\/strong>: <a href=\"https:\/\/neuburger-tennisclub.de\/wp\/jahresabschluss-lk-turnier-2024\/\">Hier gibt ein paar Impressionen<\/a> vom Turnier &#8211; aufgrund der k\u00fchlen Wetterbedingungen, wurde das Jahresabschluss-LK-Turnier doch in die Tennishalle des Sporthotel Neuburg-R\u00f6denhof verlegt.<br><br><img loading=\"lazy\" width=\"1355\" height=\"851\" class=\"wp-image-1998\" style=\"width: 450px;\" src=\"https:\/\/neuburger-tennisclub.de\/wp\/wp-content\/uploads\/2024\/12\/WhatsApp-Image-2024-12-29-at-17.12.34-1.jpeg\" alt=\"\" srcset=\"https:\/\/neuburger-tennisclub.de\/wp\/wp-content\/uploads\/2024\/12\/WhatsApp-Image-2024-12-29-at-17.12.34-1.jpeg 1355w, https:\/\/neuburger-tennisclub.de\/wp\/wp-content\/uploads\/2024\/12\/WhatsApp-Image-2024-12-29-at-17.12.34-1-300x188.jpeg 300w, https:\/\/neuburger-tennisclub.de\/wp\/wp-content\/uploads\/2024\/12\/WhatsApp-Image-2024-12-29-at-17.12.34-1-1024x643.jpeg 1024w, https:\/\/neuburger-tennisclub.de\/wp\/wp-content\/uploads\/2024\/12\/WhatsApp-Image-2024-12-29-at-17.12.34-1-768x482.jpeg 768w\" sizes=\"(max-width: 1355px) 100vw, 1355px\" \/><br><\/td><\/tr><tr><td><\/td><td><\/td><\/tr><tr><td><\/td><td><\/td><\/tr><tr><td><\/td><td><strong>Sperrung der Au\u00dfenpl\u00e4tze 1 bis 4 und Inkrafttreten der Winterregeln f\u00fcr die Allwetterpl\u00e4tze 5 und 6<\/strong><\/td><\/tr><tr><td>18.12.2024<\/td><td>Die Au\u00dfenpl\u00e4tze 1-4 auf der Vereinsanlage sind nun offiziell gesperrt. Gespielt werden kann weiterhin auf unseren Ganzjahrespl\u00e4tzen 5 und 6. Somit k\u00f6nnen wir auch in den Wintermonaten drau\u00dfen Tennis spielen, wann immer wir das m\u00f6chten. Es gibt im Prinzip keine Einschr\u00e4nkungen, au\u00dfer wenn Eis oder Schnee auf dem Platz liegt. Aber das sollte in den inzwischen milden Wintern nicht mehr allzu h\u00e4ufig vorkommen. &nbsp;<br>Die f\u00fcr die Allwetterpl\u00e4tze geltenden Winterregeln sind am Vereinsheim ausgeh\u00e4ngt und dort oder im Anhang zu dieser E-Mail einzusehen.<br>Entscheidende Punkte sind:<br>Eine Platzbuchung ist f\u00fcr NTC-Mitglieder ausschlie\u00dflich \u00fcber das online-System COURTBOOKING vorzunehmen und im Voraus nur f\u00fcr maximal 7 Tage m\u00f6glich.<br>F\u00fcr Nicht-NTC-Mitglieder betr\u00e4gt die Spielgeb\u00fchr &nbsp;<br><strong>TeG-Mitglieder Erwachsene: pro Person und Stunde 7,50 \u20ac (maximal 15 \u20ac f\u00fcr den gesamten Platz)<\/strong><br><strong>TeG-Mitglieder Kinder &amp; Jugendliche: pro Person und Stunde 5 \u20ac (maximal 10 \u20ac f\u00fcr den gesamten Platz)<\/strong><br><strong>Gastspieler: pro Person und Stunde 10 \u20ac (maximal 20 \u20ac f\u00fcr den gesamten Platz).<\/strong><\/td><\/tr><tr><td><\/td><td><\/td><\/tr><tr><td><\/td><td><\/td><\/tr><tr><td><\/td><td><strong>NTC Weihnachtsfeier gemeinsam mit TC am Brandl im Sporthotel D\u00fcnstl am 14.12<\/strong><\/td><\/tr><tr><td>14.12.2024<br>18:30 Uhr<\/td><td>Weihnachtsfeier&nbsp;im Sporthotel D\u00fcnstl im R\u00f6denhof. Die Veranstaltung findet gemeinsam mit dem TC Brandl statt. Anmeldungen sind&nbsp;bis zum 10.12.&nbsp;an&nbsp;<a href=\"mailto:vergnuegungswart@tc-am-brandl.de\">vergnuegungswart@tc-am-brandl.de<\/a>&nbsp;zu schicken.<br><img loading=\"lazy\" width=\"880\" height=\"1249\" class=\"wp-image-1847\" style=\"width: 290px;\" src=\"https:\/\/neuburger-tennisclub.de\/wp\/wp-content\/uploads\/2024\/12\/Einladung-1-Weihnachtsfeier-NTC.jpg\" alt=\"\" srcset=\"https:\/\/neuburger-tennisclub.de\/wp\/wp-content\/uploads\/2024\/12\/Einladung-1-Weihnachtsfeier-NTC.jpg 880w, https:\/\/neuburger-tennisclub.de\/wp\/wp-content\/uploads\/2024\/12\/Einladung-1-Weihnachtsfeier-NTC-211x300.jpg 211w, https:\/\/neuburger-tennisclub.de\/wp\/wp-content\/uploads\/2024\/12\/Einladung-1-Weihnachtsfeier-NTC-721x1024.jpg 721w, https:\/\/neuburger-tennisclub.de\/wp\/wp-content\/uploads\/2024\/12\/Einladung-1-Weihnachtsfeier-NTC-768x1090.jpg 768w\" sizes=\"(max-width: 880px) 100vw, 880px\" \/><\/td><\/tr><tr><td><\/td><td><\/td><\/tr><tr><td><\/td><td><\/td><\/tr><tr><td><\/td><td><strong>Sommerferien-Tenniscamp vom 02. bis 05.09.<\/strong><\/td><\/tr><tr><td>11.09.2024<\/td><td>Letzte Woche fand wie in den letzten Jahren auch der 2. Teil des Sommerferiencamps der Tennisschule Ivan Georgiev auf der Anlage des NTC statt. Von Montag bis Donnerstag wurden \u00fcber 30 Kinder und Jugendliche von insgesamt f\u00fcnf Trainern und Trainerinnen betreut. Thema des Tenniscamps war \u201eWettkampftennis\u201c. Neben spieltaktischen \u00dcbungsformen wurden auch koordinative Elemente trainiert. Hinzu kamen \u00dcbungen zur Verbesserung der Schnellkraft sowie viele Spielformen. Sowohl den teilnehmenden M\u00e4dchen und Jungen wie auch den Trainern hat das Tenniscamp sehr viel Freude und Spa\u00df bereitet. In unserer <a href=\"https:\/\/neuburger-tennisclub.de\/wp\/bildergalerie\/\" data-type=\"URL\" data-id=\"https:\/\/neuburger-tennisclub.de\/wp\/bildergalerie\/\">Galerie<\/a> gibt es ein paar Eindr\u00fccke.<\/td><\/tr><tr><td><\/td><td><\/td><\/tr><tr><td><\/td><td><\/td><\/tr><tr><td><\/td><td><strong>Mixed &amp; Afterwork Runde im vollen Z\u00fcgen!<\/strong><\/td><\/tr><tr><td>24.08.2024<\/td><td>Auch dieses Jahr nehmen wird mit versammelter <a href=\"https:\/\/neuburger-tennisclub.de\/wp\/mannschaften\/\">Mannschafts<\/a> TeG St\u00e4rke an den <a rel=\"noreferrer noopener\" href=\"https:\/\/www.btv.de\/de\/spielbetrieb\/teamportrait.html?teamid=3253271\" target=\"_blank\"><\/a><a href=\"https:\/\/www.btv.de\/de\/spielbetrieb\/tabelle-spielplan.html?groupid=1973216\">Mixed 00 Spielebene A<\/a>, <a rel=\"noreferrer noopener\" href=\"https:\/\/www.btv.de\/de\/spielbetrieb\/tabelle-spielplan.html?groupid=1973228\" target=\"_blank\">Mixed 00 Spielebene B<\/a>, und den <a rel=\"noreferrer noopener\" href=\"https:\/\/www.btv.de\/de\/spielbetrieb\/tabelle-spielplan.html?groupid=1970322\" target=\"_blank\">After Work \u2013 Herren Spielebene B<\/a>, <a rel=\"noreferrer noopener\" href=\"https:\/\/www.btv.de\/de\/spielbetrieb\/tabelle-spielplan.html?groupid=1970328\" target=\"_blank\">After Work \u2013 Herren Spielebene C<\/a>, <a rel=\"noreferrer noopener\" href=\"https:\/\/www.btv.de\/de\/spielbetrieb\/tabelle-spielplan.html?groupid=1970351\" target=\"_blank\">After Work \u2013 Damen Spielebene C<\/a>, <a rel=\"noreferrer noopener\" href=\"https:\/\/www.btv.de\/de\/spielbetrieb\/tabelle-spielplan.html?groupid=1970352\" target=\"_blank\">After Work \u2013 Damen Spielebene D<\/a>, <a href=\"https:\/\/www.btv.de\/de\/spielbetrieb\/tabelle-spielplan.html?groupid=1970373\">After Work \u2013 Herren 40 Spielebene B<\/a> Runden statt. Zuschauer und Interessierete wie immer herzlich eingelanden<\/td><\/tr><tr><td><\/td><td><\/td><\/tr><tr><td><\/td><td><\/td><\/tr><tr><td><\/td><td><strong>Neuburger Sommerfest von Juli auf September verschoben<\/strong><\/td><\/tr><tr><td>01.07.2024<\/td><td>Das geplante Sommerfest am 20. Juli muss aufgrund von Sch\u00e4den im Untergeschoss leider abgesagt werden! Aktuell ist ein Termin Anfang September geplant!<\/td><\/tr><tr><td><\/td><td><\/td><\/tr><tr><td><\/td><td><\/td><\/tr><tr><td><\/td><td><strong>Neuburger Stadtmeisterschaften vom 08.-20. Juli<\/strong> <strong>2024<\/strong><\/td><\/tr><tr><td>08. &#8211; 20. Juli 2024<\/td><td>Spekuliert wurde schon l\u00e4nger, jetzt ist es klar. Die Stadtmeisterschaften finden heuer statt!&nbsp;Gespielt wird auf den Anlagen aller drei Vereine in Abh\u00e4ngigkeit von der Altersklasse.<br>&nbsp;<br>Es gibt zwei M\u00f6glichkeiten, sich anzumelden:<br>Zum einen liegt eine <strong>Meldeliste im Vereinsheim<\/strong> aus. Zum anderen ist eine <strong>Meldung <\/strong>an unseren Sportvorstand Johannes Kutschera <strong>per E-Mail<\/strong> an <a href=\"mailto:info@neuburger-tennisclub.de\">info@neuburger-tennisclub.de<\/a> zu richten.&nbsp;<br><strong>Meldeschluss<\/strong> ist n\u00e4chste Woche <strong>Freitag, 05. Juli<\/strong>.<br>Weitere Informationen sind der <a rel=\"noreferrer noopener\" href=\"https:\/\/neuburger-tennisclub.de\/wp\/wp-content\/uploads\/2024\/06\/Ausschreibung-Stadtmeisterschaften-2024.pdf\" target=\"_blank\">Ausschreibung<\/a> zu entnehmen!<br><a href=\"https:\/\/neuburger-tennisclub.de\/wp\/wp-content\/uploads\/2024\/06\/Ausschreibung-Stadtmeisterschaften-2024.pdf\" target=\"_blank\" rel=\"noreferrer noopener\"><img loading=\"lazy\" width=\"977\" height=\"1116\" class=\"wp-image-1761\" style=\"width: 450px;\" src=\"https:\/\/neuburger-tennisclub.de\/wp\/wp-content\/uploads\/2024\/06\/image-7.png\" alt=\"\" srcset=\"https:\/\/neuburger-tennisclub.de\/wp\/wp-content\/uploads\/2024\/06\/image-7.png 977w, https:\/\/neuburger-tennisclub.de\/wp\/wp-content\/uploads\/2024\/06\/image-7-263x300.png 263w, https:\/\/neuburger-tennisclub.de\/wp\/wp-content\/uploads\/2024\/06\/image-7-896x1024.png 896w, https:\/\/neuburger-tennisclub.de\/wp\/wp-content\/uploads\/2024\/06\/image-7-768x877.png 768w\" sizes=\"(max-width: 977px) 100vw, 977px\" \/><\/a><br><\/td><\/tr><tr><td><\/td><td><\/td><\/tr><tr><td><\/td><td><\/td><\/tr><tr><td><\/td><td><strong>Vereinsheim &amp; Punktspiele der TeG Mannschaften nach Neuburger Hochwasser<\/strong><\/td><\/tr><tr><td>22.\/23. Juni 2024<\/td><td>Der Aufruf zum ehrenamtlichen Arbeitseinsatz letzte Woche war ein voller Erfolg. Wie ihr dem Foto-Anhang entnehmen k\u00f6nnt, hat der&nbsp;<strong>Reinigungstrupp<\/strong>&nbsp;ganze Arbeit geleistet.<br>Zudem funktionieren&nbsp;<strong>Duschen und WCs<\/strong>&nbsp;wieder und die&nbsp;<strong>Umkleiden<\/strong> k\u00f6nnen nun auch wieder genutzt werden. Einzig die aufgequollenen T\u00fcren samt Zargen in allen R\u00e4umen sind irreparabel zerst\u00f6rt.<br><br>Die&nbsp;<strong>Bew\u00e4sserungsanlage<\/strong>&nbsp;auf den Pl\u00e4tzen funktioniert nur bedingt und deshalb noch nicht freigegeben. Daher sind die&nbsp;<strong>Handschl\u00e4uche&nbsp;<\/strong>auf allen Pl\u00e4tzen weiterhin aktiv. Um die gute Bespielbarkeit unserer Pl\u00e4tze nach wie vor zu gew\u00e4hrleisten, m\u00fcssen diese&nbsp;<strong>regelm\u00e4\u00dfig bew\u00e4ssert<\/strong>&nbsp;werden. Sollte daher ein Platz&nbsp;<strong>w\u00e4hrend des Spielens<\/strong>&nbsp;zu trocken werden, ist zu bew\u00e4ssern!! Gleiches gilt&nbsp;<strong>vor dem Spielen<\/strong>.<br><br><strong>Punktspiele&nbsp;der TeG-Mannschaften<\/strong> auf der&nbsp;<strong>Anlage des NTC<\/strong><br><strong>Samstag,<\/strong> 22.06. ab 9 Uhr:&nbsp; &nbsp; &nbsp; Juniorinnen 18&nbsp; \u2013&nbsp; TSV Haunstetten<br><strong>Sonntag,<\/strong> 23.06. ab 10 Uhr:&nbsp; &nbsp; &nbsp;Herren I&nbsp; \u2013&nbsp; SV Weichering<br>Zuschauer sind bei beiden Spielen herzlich willkommen!<br><img loading=\"lazy\" width=\"1200\" height=\"1600\" class=\"wp-image-1747\" style=\"width: 250px;\" src=\"https:\/\/neuburger-tennisclub.de\/wp\/wp-content\/uploads\/2024\/06\/2024-06-14Reinigungsteam-Untergeschoss-nach-Hochwasserschaden.jpg\" alt=\"\" srcset=\"https:\/\/neuburger-tennisclub.de\/wp\/wp-content\/uploads\/2024\/06\/2024-06-14Reinigungsteam-Untergeschoss-nach-Hochwasserschaden.jpg 1200w, https:\/\/neuburger-tennisclub.de\/wp\/wp-content\/uploads\/2024\/06\/2024-06-14Reinigungsteam-Untergeschoss-nach-Hochwasserschaden-225x300.jpg 225w, https:\/\/neuburger-tennisclub.de\/wp\/wp-content\/uploads\/2024\/06\/2024-06-14Reinigungsteam-Untergeschoss-nach-Hochwasserschaden-768x1024.jpg 768w, https:\/\/neuburger-tennisclub.de\/wp\/wp-content\/uploads\/2024\/06\/2024-06-14Reinigungsteam-Untergeschoss-nach-Hochwasserschaden-1152x1536.jpg 1152w\" sizes=\"(max-width: 1200px) 100vw, 1200px\" \/>  <img loading=\"lazy\" width=\"1200\" height=\"1600\" class=\"wp-image-1748\" style=\"width: 250px;\" src=\"https:\/\/neuburger-tennisclub.de\/wp\/wp-content\/uploads\/2024\/06\/2024-06-14Untergeschoss-nach-Hochwasserschaden_vorher.jpg\" alt=\"\" srcset=\"https:\/\/neuburger-tennisclub.de\/wp\/wp-content\/uploads\/2024\/06\/2024-06-14Untergeschoss-nach-Hochwasserschaden_vorher.jpg 1200w, https:\/\/neuburger-tennisclub.de\/wp\/wp-content\/uploads\/2024\/06\/2024-06-14Untergeschoss-nach-Hochwasserschaden_vorher-225x300.jpg 225w, https:\/\/neuburger-tennisclub.de\/wp\/wp-content\/uploads\/2024\/06\/2024-06-14Untergeschoss-nach-Hochwasserschaden_vorher-768x1024.jpg 768w, https:\/\/neuburger-tennisclub.de\/wp\/wp-content\/uploads\/2024\/06\/2024-06-14Untergeschoss-nach-Hochwasserschaden_vorher-1152x1536.jpg 1152w\" sizes=\"(max-width: 1200px) 100vw, 1200px\" \/><\/td><\/tr><tr><td><\/td><td> <\/td><\/tr><tr><td><\/td><td><\/td><\/tr><tr><td><\/td><td><strong>Punktspiele der TeG Mannschaften &amp; Neuburger Hochwasser<\/strong><\/td><\/tr><tr><td>08.\/09. Juni 2024<\/td><td>Die Pfingstferien sind vorbei, die Hochwassersituation in Neuburg noch nicht!<br>Dennoch werden <strong>am kommenden Wochenende<\/strong> die n\u00e4chsten <strong>Punktspiele<\/strong> der TeG-Mannschaften ausgetragen. Auf der <strong>Anlage des NTC<\/strong> finden folgende Spiele statt:<br><strong>Samstag,<\/strong> 08.06. <br>ab&nbsp; 9 Uhr:&nbsp; &nbsp; &nbsp;Juniorinnen 18 gg. SG Mauerbach &nbsp; <br>ab 14 Uhr:&nbsp; &nbsp; Herren 40 gg. TF Dachau<br>&nbsp;<strong>Sonntag<\/strong>, 09.06. ab 10 Uhr:&nbsp; &nbsp; &nbsp;<br>Damen II gg. TG K\u00f6nigsmoos<br>&nbsp;<br>Zuschauer sind sehr herzlich willkommen!!<br>&nbsp;<br>Wir w\u00fcnschen allen Mannschaften viel Erfolg und hoffen, dass die Feuerwehr vor Samstag die Freigabe erteilt, den vollgelaufenen Keller unseres Vereinsheims leer zu pumpen.<br><img style=\"width: 210px;\" src=\"https:\/\/neuburger-tennisclub.de\/wp\/wp-content\/uploads\/2024\/06\/NTC-Keller-2024-06-05-at-19.21.02.jpeg\" alt=\"\">  <img src=\"https:\/\/neuburger-tennisclub.de\/wp\/wp-content\/uploads\/2024\/06\/Hochwasser-Brandl-2.jpeg\" alt=\"\" style=\"width: 210px;\"><br>&nbsp;<\/td><\/tr><tr><td><\/td><td>  <\/td><\/tr><tr><td><\/td><td><\/td><\/tr><tr><td><\/td><td><strong>8. LK-Turnier by Gr\u00e4bner Security (H00, M18, W18)<\/strong><\/td><\/tr><tr><td>26. Mai 2024<\/td><td>Wir freuen uns auf spannenden Spiele bei unserem j\u00e4hrlichen LK Turnier. Meldeschluss ist der 23.05.2024 bis 23:00 Uhr mit folgenden Konkurrenzen: M00\/E (LK 1,0-25,0), M18\/E (LK 1,0-25,0), W18\/E (LK 1,0-25,0)<br>Anmeldung unter: <a href=\"https:\/\/spieler.tennis.de\/group\/guest\/turniere?show=meldung&amp;tournamentId=631853\">MyBigPoint<\/a> &#8211; <a href=\"https:\/\/neuburger-tennisclub.de\/wp\/bildergalerie\/\">Hier gehts zu den Impressionen<\/a><br><br><img style=\"width: 210px;\" src=\"https:\/\/neuburger-tennisclub.de\/wp\/wp-content\/uploads\/2024\/04\/image.png\" alt=\"\">  <img style=\"width: 210px;\" src=\"https:\/\/neuburger-tennisclub.de\/wp\/wp-content\/uploads\/2024\/06\/01_Maxi-Bergbauer-NTC-beim-Aufschlag-scaled.jpg\" alt=\"\">  <img src=\"https:\/\/neuburger-tennisclub.de\/wp\/wp-content\/uploads\/2024\/06\/Manuel-Berger-in-Aktion-scaled.jpg\" alt=\"\" style=\"width: 210px;\"><\/td><\/tr><tr><td><\/td><td><\/td><\/tr><tr><td><\/td><td><\/td><\/tr><tr><td><\/td><td><strong>Schleiferl-Turnier 2024 beim NTC<\/strong> (Wetterbedingte Absage!)<\/td><\/tr><tr><td>20. April,<br>13:00  Uhr                                                                     <\/td><td>Das geplante <strong>Schleiferlturnier<\/strong> muss wetterbedingt leider <strong>abgesagt<\/strong> werden!Ein m\u00f6glicher <strong>Ersatztermin<\/strong> wird rechtzeitig bekanntgegeben. Wir <strong>danken<\/strong> denjenigen sehr, die angeboten hatten, einen Kuchen mitzubringen!<br><br>Im Mittelpunkt soll das gemeinsame Wiedersehen nach der Winterzeit und viel Spa\u00df stehen. Wir hoffen, durch rege Teilnahme auch unsere st\u00e4ndig wachsende Gemeinschaft mit diesem Event geb\u00fchrend begr\u00fc\u00dfen und die Neumitglieder mit unserem bekannten sehr guten WIR-Gef\u00fchl aufnehmen zu k\u00f6nnen. Die Teilnahme ist sowohl f\u00fcr Jung und Alt als auch f\u00fcr Mannschafts- und Hobbyspieler angedacht &#8211; ab 13:00 Uhr geht es auf der Anlage des NTC los! Anmeldung unter: <a rel=\"noreferrer noopener\" href=\"mailto:info@neuburger-tennisclub.de\" target=\"_blank\">info@neuburger-tennisclub.de<\/a>&nbsp;<\/td><\/tr><tr><td><\/td><td><\/td><\/tr><tr><td><\/td><td><\/td><\/tr><tr><td><\/td><td><strong>Freiluft-Saisoner\u00f6ffnung 2024 beim NTC<\/strong><\/td><\/tr><tr><td>12. April<\/td><td>Wir freuen uns, die Er\u00f6ffnung der Tennis Sommersaison 2024 bekannt zu geben! Die Sandpl\u00e4tze stehen ab sofort f\u00fcr spannende Matches und gemeinsamen Spa\u00df zur Verf\u00fcgung. Kommt vorbei und genie\u00dft die frische Luft, die Sonne und die aufregenden Wettk\u00e4mpfe auf unseren Pl\u00e4tzen.<br><\/td><\/tr><tr><td><\/td><td><\/td><\/tr><tr><td><\/td><td><\/td><\/tr><tr><td><\/td><td><strong>TeG Mannschafts-Planung f\u00fcr die Sommersaison 2024 gestartet<\/strong><\/td><\/tr><tr><td>11. April<\/td><td> Auch diese Saison nehmen wir als Neuburger Tennisclub, der TC am Brandl und der BSV Neuburg gemeinsam als&nbsp;<a rel=\"noreferrer noopener\" href=\"https:\/\/www.btv.de\/de\/mein-verein\/vereinsseite\/teg-neuburg-donau.html#Mannschaften\" target=\"_blank\">Neuburger Tennisgemeinschaft (TeG)&nbsp;<\/a>am Punktspielbetrieb des BTV teil. F\u00fcr die Sommersaison 2024 sind die folgende <a href=\"https:\/\/neuburger-tennisclub.de\/wp\/mannschaften\/\">18 Mannschaften<\/a> gemeldet. In einem ersten Treffen mit SpielerInnen, Eltern, und Tina Fronzek wurde die TeG Mannschaftsplanung f\u00fcr M\u00e4dchen 15, Knaben 15, und Juniorinnen gestartet. Vielen Dank f\u00fcr euren Einsatz!<\/td><\/tr><tr><td><\/td><td><\/td><\/tr><tr><td><\/td><td><\/td><\/tr><tr><td><\/td><td><strong>Tenniscamp in Kroatien \/ Vrsar<\/strong><\/td><\/tr><tr><td>29.03. \u2013 05.04.<\/td><td>Bei gutem Wetter erlebten die Teilnehmer im Resort Petalon im kroatischen Vrsar wieder eine tolle Woche im Tenniscamp. Weitere Eindr\u00fccke gibt&#8217;s <a href=\"https:\/\/neuburger-tennisclub.de\/wp\/tenniscamp-kroatien-ostern-2024\/\">hier<\/a>&#8230;<br><br><img loading=\"lazy\" width=\"1600\" height=\"1062\" class=\"wp-image-1554\" style=\"width: 240px;\" src=\"https:\/\/neuburger-tennisclub.de\/wp\/wp-content\/uploads\/2024\/04\/IMG-20240401-WA0035.jpg\" alt=\"\" srcset=\"https:\/\/neuburger-tennisclub.de\/wp\/wp-content\/uploads\/2024\/04\/IMG-20240401-WA0035.jpg 1600w, https:\/\/neuburger-tennisclub.de\/wp\/wp-content\/uploads\/2024\/04\/IMG-20240401-WA0035-300x199.jpg 300w, https:\/\/neuburger-tennisclub.de\/wp\/wp-content\/uploads\/2024\/04\/IMG-20240401-WA0035-1024x680.jpg 1024w, https:\/\/neuburger-tennisclub.de\/wp\/wp-content\/uploads\/2024\/04\/IMG-20240401-WA0035-768x510.jpg 768w, https:\/\/neuburger-tennisclub.de\/wp\/wp-content\/uploads\/2024\/04\/IMG-20240401-WA0035-1536x1020.jpg 1536w\" sizes=\"(max-width: 1600px) 100vw, 1600px\" \/>  <img loading=\"lazy\" width=\"1599\" height=\"900\" class=\"wp-image-1556\" style=\"width: 280px;\" src=\"https:\/\/neuburger-tennisclub.de\/wp\/wp-content\/uploads\/2024\/04\/IMG-20240401-WA0037.jpg\" alt=\"\" srcset=\"https:\/\/neuburger-tennisclub.de\/wp\/wp-content\/uploads\/2024\/04\/IMG-20240401-WA0037.jpg 1599w, https:\/\/neuburger-tennisclub.de\/wp\/wp-content\/uploads\/2024\/04\/IMG-20240401-WA0037-300x169.jpg 300w, https:\/\/neuburger-tennisclub.de\/wp\/wp-content\/uploads\/2024\/04\/IMG-20240401-WA0037-1024x576.jpg 1024w, https:\/\/neuburger-tennisclub.de\/wp\/wp-content\/uploads\/2024\/04\/IMG-20240401-WA0037-768x432.jpg 768w, https:\/\/neuburger-tennisclub.de\/wp\/wp-content\/uploads\/2024\/04\/IMG-20240401-WA0037-1536x865.jpg 1536w, https:\/\/neuburger-tennisclub.de\/wp\/wp-content\/uploads\/2024\/04\/IMG-20240401-WA0037-350x197.jpg 350w, https:\/\/neuburger-tennisclub.de\/wp\/wp-content\/uploads\/2024\/04\/IMG-20240401-WA0037-860x484.jpg 860w\" sizes=\"(max-width: 1599px) 100vw, 1599px\" \/>  <img loading=\"lazy\" width=\"1600\" height=\"1062\" class=\"wp-image-1571\" style=\"width: 240px;\" src=\"https:\/\/neuburger-tennisclub.de\/wp\/wp-content\/uploads\/2024\/04\/IMG-20240401-WA0025.jpg\" alt=\"\" srcset=\"https:\/\/neuburger-tennisclub.de\/wp\/wp-content\/uploads\/2024\/04\/IMG-20240401-WA0025.jpg 1600w, https:\/\/neuburger-tennisclub.de\/wp\/wp-content\/uploads\/2024\/04\/IMG-20240401-WA0025-300x199.jpg 300w, https:\/\/neuburger-tennisclub.de\/wp\/wp-content\/uploads\/2024\/04\/IMG-20240401-WA0025-1024x680.jpg 1024w, https:\/\/neuburger-tennisclub.de\/wp\/wp-content\/uploads\/2024\/04\/IMG-20240401-WA0025-768x510.jpg 768w, https:\/\/neuburger-tennisclub.de\/wp\/wp-content\/uploads\/2024\/04\/IMG-20240401-WA0025-1536x1020.jpg 1536w\" sizes=\"(max-width: 1600px) 100vw, 1600px\" \/>  <img loading=\"lazy\" width=\"752\" height=\"1336\" class=\"wp-image-1562\" style=\"width: 90px;\" src=\"https:\/\/neuburger-tennisclub.de\/wp\/wp-content\/uploads\/2024\/04\/IMG-20240401-WA0044.jpg\" alt=\"\" srcset=\"https:\/\/neuburger-tennisclub.de\/wp\/wp-content\/uploads\/2024\/04\/IMG-20240401-WA0044.jpg 752w, https:\/\/neuburger-tennisclub.de\/wp\/wp-content\/uploads\/2024\/04\/IMG-20240401-WA0044-169x300.jpg 169w, https:\/\/neuburger-tennisclub.de\/wp\/wp-content\/uploads\/2024\/04\/IMG-20240401-WA0044-576x1024.jpg 576w\" sizes=\"(max-width: 752px) 100vw, 752px\" \/>  <img loading=\"lazy\" width=\"1600\" height=\"1062\" class=\"wp-image-1548\" style=\"width: 240px;\" src=\"https:\/\/neuburger-tennisclub.de\/wp\/wp-content\/uploads\/2024\/04\/IMG-20240401-WA0028.jpg\" alt=\"\" srcset=\"https:\/\/neuburger-tennisclub.de\/wp\/wp-content\/uploads\/2024\/04\/IMG-20240401-WA0028.jpg 1600w, https:\/\/neuburger-tennisclub.de\/wp\/wp-content\/uploads\/2024\/04\/IMG-20240401-WA0028-300x199.jpg 300w, https:\/\/neuburger-tennisclub.de\/wp\/wp-content\/uploads\/2024\/04\/IMG-20240401-WA0028-1024x680.jpg 1024w, https:\/\/neuburger-tennisclub.de\/wp\/wp-content\/uploads\/2024\/04\/IMG-20240401-WA0028-768x510.jpg 768w, https:\/\/neuburger-tennisclub.de\/wp\/wp-content\/uploads\/2024\/04\/IMG-20240401-WA0028-1536x1020.jpg 1536w\" sizes=\"(max-width: 1600px) 100vw, 1600px\" \/><br><a href=\"https:\/\/neuburger-tennisclub.de\/wp\/wp-content\/uploads\/2024\/04\/IMG-20240401-WA0035.jpg\"><\/a><\/td><\/tr><\/tbody><\/table><\/figure>\n\n\n\n<p><\/p>\n\n\n\n<p>alle weiteren Termine f\u00fcr 2024 findet ihr <a href=\"https:\/\/neuburger-tennisclub.de\/wp\/termine\/\" data-type=\"page\" data-id=\"44\">hier<\/a> ver\u00f6ffentlicht. <\/p>\n\n\n\n<hr class=\"wp-block-separator has-alpha-channel-opacity\"\/>\n","protected":false},"excerpt":{"rendered":"<p>NTC Jahresabschluss-LK-Turnier 2024 29.12.2024 Auch dieses Jahr veranstalten wir wieder auf unseren &#8222;Allwetter-Pl\u00e4tzen&#8220; der NTC Anlage ein Jahresabschluss-LK-Turnier f\u00fcr Herren (LK 1-25). Meldeschluss ist der 26.12.2024. Wir freuen uns auf (hoffentlich) sch\u00f6nes Wetter und gute Stimmung zum Jahresausklang. Anmeldung unter: https:\/\/spieler.tennis.de\/ F\u00fcr Gl\u00fchwein ist nat\u00fcrlich gesorgt Nachtrag: Hier gibt ein paar Impressionen vom Turnier &#8211; <a class=\"more-link\" href=\"https:\/\/neuburger-tennisclub.de\/wp\/aktuelles-archiv-2024\/\">weiterlesen&#8230;<\/a><\/p>\n","protected":false},"author":1,"featured_media":0,"parent":0,"menu_order":0,"comment_status":"closed","ping_status":"closed","template":"","meta":[],"_links":{"self":[{"href":"https:\/\/neuburger-tennisclub.de\/wp\/wp-json\/wp\/v2\/pages\/2145"}],"collection":[{"href":"https:\/\/neuburger-tennisclub.de\/wp\/wp-json\/wp\/v2\/pages"}],"about":[{"href":"https:\/\/neuburger-tennisclub.de\/wp\/wp-json\/wp\/v2\/types\/page"}],"author":[{"embeddable":true,"href":"https:\/\/neuburger-tennisclub.de\/wp\/wp-json\/wp\/v2\/users\/1"}],"replies":[{"embeddable":true,"href":"https:\/\/neuburger-tennisclub.de\/wp\/wp-json\/wp\/v2\/comments?post=2145"}],"version-history":[{"count":2,"href":"https:\/\/neuburger-tennisclub.de\/wp\/wp-json\/wp\/v2\/pages\/2145\/revisions"}],"predecessor-version":[{"id":2149,"href":"https:\/\/neuburger-tennisclub.de\/wp\/wp-json\/wp\/v2\/pages\/2145\/revisions\/2149"}],"wp:attachment":[{"href":"https:\/\/neuburger-tennisclub.de\/wp\/wp-json\/wp\/v2\/media?parent=2145"}],"curies":[{"name":"wp","href":"https:\/\/api.w.org\/{rel}","templated":true}]}}