{"id":2419,"date":"2026-03-15T12:21:10","date_gmt":"2026-03-15T11:21:10","guid":{"rendered":"https:\/\/neuburger-tennisclub.de\/wp\/?page_id=2419"},"modified":"2026-03-15T12:21:10","modified_gmt":"2026-03-15T11:21:10","slug":"termine-archiv-2025","status":"publish","type":"page","link":"https:\/\/neuburger-tennisclub.de\/wp\/termine-archiv-2025\/","title":{"rendered":"Termine &#8211; Archiv 2025"},"content":{"rendered":"\n<hr class=\"wp-block-separator has-css-opacity\"\/>\n\n\n\n<h1>2025<\/h1>\n\n\n\n<figure class=\"wp-block-table is-style-stripes\"><table><tbody><tr><td>25. Januar<\/td><td>Neuburger <strong>Donauschwimmen<\/strong> 2025 mit dem NTC<\/td><\/tr><tr><td>M\u00e4rz<\/td><td>NTC <strong>Mitglieder-Versammlung<\/strong> <\/td><\/tr><tr><td>30. M\u00e4rz <\/td><td><strong>2. Neuburger Padel-Turnie<\/strong>r am Sporthotel R\u00f6denhof<\/td><\/tr><tr><td>17. April                      <\/td><td><strong>Er\u00f6ffnung der Sommersaison<\/strong> (Freiluftsaisoner\u00f6ffnung) beim NTC<\/td><\/tr><tr><td>18. &#8211; 25. April&nbsp;<\/td><td><strong>Tenniscamp<\/strong> in Kroatien \/ Vrsar<\/td><\/tr><tr><td>6. Mai<\/td><td><strong>Mitgliederversammlung<\/strong><\/td><\/tr><tr><td>29. Mai<\/td><td><strong>Vatertags<\/strong> Grillen &amp; Umtrunk gemeinsam mit TC am Brandl<\/td><\/tr><tr><td>14. Juni<\/td><td>9. <strong>LK-Turnier<\/strong> by Gr\u00e4bner Security am NTC<br>m kommenden Samstag, 14.06., findet ein weiteres LK-Turnier auf der Anlage des NTC statt. Gesponsert wird das Turnier von der Firma Gr\u00e4bner Security.<br>Gespielt wird in den Konkurrenzen Herren- und Damen Einzel (AK 00). Damit ist f\u00fcr &#8222;Jung und Alt&#8220; das Turnier offen.<br><strong>Link zum Turnier<\/strong> und f\u00fcr die Anmeldung ist hier <a href=\"https:\/\/spieler.tennis.de\/web\/guest\/turniersuche?tournamentId=707590\">https:\/\/spieler.tennis.de\/web\/guest\/turniersuche?tournamentId=707590<\/a><br><\/td><\/tr><tr><td>26. Juli<\/td><td><strong>125-Jahrfeier des NTC am Samstag, 26.07.2025<\/strong><br>Der <strong>NTC<\/strong> feiert in 2025 sein <strong>125-j\u00e4hriges Bestehen<\/strong>!! Im Jahr 1900 von einer Gruppe von Offizieren des K\u00f6niglich Bayrischen 15. Infanterieregiments als <strong>einer der ersten Tennisvereine in Bayern<\/strong> gegr\u00fcndet entwickelte sich der NTC im Laufe der Zeit zu einem festen Bestandteil des Neuburger Vereinslebens.<br><br>Wir laden euch herzlich ein, am <strong>Samstag, dem 26. Juli 2025 ab 10:00 Uhr<\/strong> bei unserer gro\u00dfen <strong>Jubil\u00e4umsfeier &#8222;125 Jahre Neuburger Tennisclub e.V.&#8220;<\/strong> dabei zu sein.&nbsp;Das Programm h\u00e4ngt schon seit l\u00e4ngerem am Vereinsheim aus. Zur besseren Planung von Essen und Getr\u00e4nken bitte wir jeden, sich zum Fest <strong>anzumelden<\/strong>. Es gibt drei Anmeldungsm\u00f6glichkeiten:<br>Die erste und einfachste Variante ist, unser <strong>Online-Formular<\/strong>, das unter <a href=\"https:\/\/docs.google.com\/forms\/d\/e\/1FAIpQLSf1Q3T4EQdTf-xg8dvuJ1kIgYionJbVmMkUh-KqneaR9vwdNA\/viewform\">https:\/\/docs.google.com\/forms\/d\/e\/1FAIpQLSf1Q3T4EQdTf-xg8dvuJ1kIgYionJbVmMkUh-KqneaR9vwdNA\/viewform<\/a> aufzurufen ist, auszuf\u00fcllen.<br>Zweitens ist eine Anmeldung per <strong>E-Mail<\/strong> \u00fcber <a href=\"mailto:event@neuburger-tennisclub.de\">event@neuburger-tennisclub.de<\/a> m\u00f6glich.<br>Und drittens besteht die M\u00f6glichkeit, sich in die <strong>Liste<\/strong> einzutragen, die <strong>am Vereinsheim<\/strong> aush\u00e4ngt.<br>&nbsp;<br><strong>Anmeldeschluss<\/strong> ist jeweils <strong>Montag, 7. Juli 2025.<\/strong><\/td><\/tr><tr><td>4. &#8211; 7. August<\/td><td>1. Teil <strong>Sommercamp<\/strong> am TC am Brandl<\/td><\/tr><tr><td>8. &#8211; 11. September<\/td><td>2. Teil <strong>Sommercamp<\/strong> am NTC<\/td><\/tr><tr><td>13. September<\/td><td>Gemeinsames<strong> Vorstandsschaftsturnier der TeG<\/strong> am TC am Brandl<\/td><\/tr><tr><td>13. September<\/td><td>Gemeinsame <strong>TeG<\/strong> <strong>Tennis<\/strong> <strong>Saison-Abschluss-Feier <\/strong>am TC am Brandl<\/td><\/tr><tr><td>Oktober <\/td><td>10. LK-<strong>Turnier<\/strong> by Gr\u00e4bner Security am NTC<\/td><\/tr><tr><td>13. Dezember<\/td><td>Gemeinsame<strong> NTC &amp; TC am Brandl<\/strong> <strong>Weihnachtsfeier<\/strong>&nbsp;<br><br>Liebe Mitglieder und Tennisfreunde,<br>&nbsp;<br>die Hallensaison ist schon voll im Gange, die ersten Schneeflocken sind schon auf den ersten Nasenspitzen, gleichzeitig laufen schon die Vorbereitungen f\u00fcr die gemeinsame <strong>Weihnachtsfeier des TC am Brandl und des Neuburger Tennisclubs<\/strong>&nbsp;am <strong>13. Dezember 2025<\/strong>.<br>Ab <strong>17:30 Uhr findet eine Einstimmung<\/strong>&nbsp;mit Gl\u00fchwein &amp; Punch in der Winterlounge des <strong>Sporthotel R\u00f6denhof<\/strong>&nbsp;statt, bevor es um <strong>18:30 Uhr<\/strong>&nbsp;offiziell beginnt.<br><br><br>R\u00fcckmeldung zur <strong>Anmeldung<\/strong>&nbsp;bitte an Carolin Simon (0175-9627462) oder an <a href=\"mailto:vergenuegungswart@tc-am-brandl.de\">vergenuegungswart@tc-am-brandl.de<\/a><br>Wir freuen uns auch euch!<\/td><\/tr><tr><td>ca. 27. Dezember<\/td><td><strong>Jahresabschluss<\/strong>-LK Turnier <\/td><\/tr><\/tbody><\/table><\/figure>\n\n\n\n<p class=\"has-medium-font-size\"><strong>Heimspiele der TeG Mannschaften auf der NTC Anlage<\/strong><\/p>\n\n\n\n<figure class=\"wp-block-table is-style-stripes\"><table><tbody><tr><td>03. Mai &#8211; 14:00 Uhr<\/td><td>Auftakt der Herren 40 gegen TC Pfaffenhofen<\/td><\/tr><tr><td>04. Mai &#8211; 09:00 Uhr<\/td><td>Auftakt der Damen II gegen SC Oberbernbach<\/td><\/tr><tr><td>04. Mai &#8211; 09:00 Uhr<\/td><td>Auftakt der Herren I gegen TC Schrobenhausen II<\/td><\/tr><tr><td>09. Mai &#8211; 15:00 Uhr<\/td><td>Auftakt der Knaben 15 I gegen TC Marxheim<\/td><\/tr><tr><td>10. Mai &#8211; 14:00 Uhr<\/td><td>Herren 40 gegen TC Rot-Wei\u00df N\u00f6rdlingen<\/td><\/tr><tr><td>11. Mai &#8211; 09:00 Uhr<\/td><td>Damen II gegen TC Brunnen<\/td><\/tr><tr><td>11. Mai &#8211; 09:00 Uhr<\/td><td>Herren I gegen TSV P\u00f6ttmes<\/td><\/tr><tr><td>16. Mai &#8211; 15:00 Uhr<\/td><td>M\u00e4dchen 15 gegen DJK Sandizell<\/td><\/tr><tr><td>17. Mai &#8211; 09:00 Uhr<\/td><td>Juniorinnen 18 gegen TC Augsburg Siebentisch II<\/td><\/tr><tr><td>24. Mai &#8211; 14:00 Uhr<\/td><td>Herren 40 gegen TC Abendsberg<\/td><\/tr><tr><td>01. Juni &#8211; 09:00 Uhr<\/td><td>Herren I gegen B\u00e4umenheim<\/td><\/tr><tr><td>27. Juni &#8211; 15:00 Uhr<\/td><td>Knaben 15 I gegen SV Karlshuld<\/td><\/tr><tr><td>04. Juli &#8211; 15:00 Uhr<\/td><td>M\u00e4dchen 15 gegen SV Weichering<\/td><\/tr><tr><td>11. Juli &#8211; 15:00 Uhr<\/td><td>Knaben 15 I gegen VfB Oberndorf<\/td><\/tr><tr><td>12. Juli &#8211; 14:00 Uhr<\/td><td>Herren 40 gegen M\u00fcnchner Sportclub<\/td><\/tr><tr><td>12. Juli &#8211; 09:00 Uhr<\/td><td>Juniorinnen 18 gegen TC Marxheim<\/td><\/tr><tr><td>13. Juli &#8211; 09:00 Uhr<\/td><td>Damen II gegen SV Weichering II<\/td><\/tr><tr><td>13. Juli &#8211; 09:00 Uhr<\/td><td>Herren I gegen TC Motzenhofen<\/td><\/tr><tr><td>18. Juli &#8211; 15:00 Uhr<\/td><td>M\u00e4dchen 15 gegen TSV K\u00fchbach<\/td><\/tr><tr><td>19. Juli &#8211; 09:00 Uhr<\/td><td>Juniorinnen 18 gegen TC Rot-Wei\u00df N\u00f6rdlingen II<\/td><\/tr><\/tbody><\/table><\/figure>\n\n\n\n<p class=\"has-small-font-size\"><a href=\"https:\/\/neuburger-tennisclub.de\/wp\/mannschaften\/\">Hier gehts zu den TeG Mannschaften<\/a><\/p>\n\n\n\n<p><sub>* Die genauen Tage werden noch bekannt gegeben.<\/sub><\/p>\n","protected":false},"excerpt":{"rendered":"<p>2025 25. Januar Neuburger Donauschwimmen 2025 mit dem NTC M\u00e4rz NTC Mitglieder-Versammlung 30. M\u00e4rz 2. Neuburger Padel-Turnier am Sporthotel R\u00f6denhof 17. April Er\u00f6ffnung der Sommersaison (Freiluftsaisoner\u00f6ffnung) beim NTC 18. &#8211; 25. April&nbsp; Tenniscamp in Kroatien \/ Vrsar 6. Mai Mitgliederversammlung 29. Mai Vatertags Grillen &amp; Umtrunk gemeinsam mit TC am Brandl 14. Juni 9. LK-Turnier <a class=\"more-link\" href=\"https:\/\/neuburger-tennisclub.de\/wp\/termine-archiv-2025\/\">weiterlesen&#8230;<\/a><\/p>\n","protected":false},"author":1,"featured_media":0,"parent":0,"menu_order":0,"comment_status":"closed","ping_status":"closed","template":"","meta":[],"_links":{"self":[{"href":"https:\/\/neuburger-tennisclub.de\/wp\/wp-json\/wp\/v2\/pages\/2419"}],"collection":[{"href":"https:\/\/neuburger-tennisclub.de\/wp\/wp-json\/wp\/v2\/pages"}],"about":[{"href":"https:\/\/neuburger-tennisclub.de\/wp\/wp-json\/wp\/v2\/types\/page"}],"author":[{"embeddable":true,"href":"https:\/\/neuburger-tennisclub.de\/wp\/wp-json\/wp\/v2\/users\/1"}],"replies":[{"embeddable":true,"href":"https:\/\/neuburger-tennisclub.de\/wp\/wp-json\/wp\/v2\/comments?post=2419"}],"version-history":[{"count":1,"href":"https:\/\/neuburger-tennisclub.de\/wp\/wp-json\/wp\/v2\/pages\/2419\/revisions"}],"predecessor-version":[{"id":2420,"href":"https:\/\/neuburger-tennisclub.de\/wp\/wp-json\/wp\/v2\/pages\/2419\/revisions\/2420"}],"wp:attachment":[{"href":"https:\/\/neuburger-tennisclub.de\/wp\/wp-json\/wp\/v2\/media?parent=2419"}],"curies":[{"name":"wp","href":"https:\/\/api.w.org\/{rel}","templated":true}]}}